{"id":38,"date":"2023-07-07T10:29:30","date_gmt":"2023-07-07T10:29:30","guid":{"rendered":"https:\/\/legalfitslp.es\/?page_id=38"},"modified":"2023-07-10T10:49:57","modified_gmt":"2023-07-10T10:49:57","slug":"contacto","status":"publish","type":"page","link":"https:\/\/legalfitslp.es\/?page_id=38","title":{"rendered":"Nuestro Expertise"},"content":{"rendered":"\r\n<p style=\"text-align: justify;\"><span style=\"font-family: Helvetica;\">La especializaci\u00f3n del equipo que compone <span style=\"color: #3366ff;\"><strong>Legal Fit<\/strong><\/span> es muy alta en todas las materias se\u00f1aladas. El asesoramiento legal, fiscal y estrat\u00e9gico en toda clase de actividades de los Sectores Regulados supone que mantengamos una estrecha colaboraci\u00f3n con firmas legales y profesionales especializados en otras \u00e1reas de negocio, como por ejemplo la implantaci\u00f3n de pol\u00edticas ESG, las relaciones institucionales, asuntos p\u00fablicos y gesti\u00f3n de crisis empresariales y reputacionales.<\/span><\/p>\r\n<p style=\"text-align: justify;\"><span style=\"font-family: Helvetica;\">Desde<span style=\"color: #3366ff;\"> <strong>Legal Fit<\/strong><\/span> nos configuramos como un <span style=\"color: #3366ff;\"><strong>\u201cOne Stop Shop\u201d <\/strong><\/span>para nuestros clientes, generando la confianza, sinergias y mejor comunicaci\u00f3n que si se contrataran todos los servicios por separado.<\/span><\/p>\r\n<p style=\"text-align: justify;\"><span style=\"font-family: Helvetica;\">La sociedad civil, las empresas pertenecientes a los Sectores Regulados, pero tambi\u00e9n el tercer sector y los grupos de inter\u00e9s necesitan estar correctamente asesorados para su posicionamiento y toma de decisiones empresariales y de opini\u00f3n en las concretas materias que les afectan.<\/span><\/p>\r\n","protected":false},"excerpt":{"rendered":"<p>La especializaci\u00f3n del equipo que compone Legal Fit es muy alta en todas las materias se\u00f1aladas. El asesoramiento legal, fiscal y estrat\u00e9gico en toda clase de actividades de los Sectores Regulados supone que mantengamos una estrecha colaboraci\u00f3n con firmas legales y profesionales especializados en otras \u00e1reas de negocio, como por ejemplo la implantaci\u00f3n de pol\u00edticas &hellip; <\/p>\n<p class=\"link-more\"><a href=\"https:\/\/legalfitslp.es\/?page_id=38\" class=\"more-link\">Continuar leyendo<span class=\"screen-reader-text\"> \u00abNuestro Expertise\u00bb<\/span><\/a><\/p>\n","protected":false},"author":1,"featured_media":71,"parent":0,"menu_order":0,"comment_status":"closed","ping_status":"closed","template":"","meta":{"footnotes":""},"class_list":["post-38","page","type-page","status-publish","has-post-thumbnail","hentry"],"_links":{"self":[{"href":"https:\/\/legalfitslp.es\/index.php?rest_route=\/wp\/v2\/pages\/38","targetHints":{"allow":["GET"]}}],"collection":[{"href":"https:\/\/legalfitslp.es\/index.php?rest_route=\/wp\/v2\/pages"}],"about":[{"href":"https:\/\/legalfitslp.es\/index.php?rest_route=\/wp\/v2\/types\/page"}],"author":[{"embeddable":true,"href":"https:\/\/legalfitslp.es\/index.php?rest_route=\/wp\/v2\/users\/1"}],"replies":[{"embeddable":true,"href":"https:\/\/legalfitslp.es\/index.php?rest_route=%2Fwp%2Fv2%2Fcomments&post=38"}],"version-history":[{"count":2,"href":"https:\/\/legalfitslp.es\/index.php?rest_route=\/wp\/v2\/pages\/38\/revisions"}],"predecessor-version":[{"id":70,"href":"https:\/\/legalfitslp.es\/index.php?rest_route=\/wp\/v2\/pages\/38\/revisions\/70"}],"wp:featuredmedia":[{"embeddable":true,"href":"https:\/\/legalfitslp.es\/index.php?rest_route=\/wp\/v2\/media\/71"}],"wp:attachment":[{"href":"https:\/\/legalfitslp.es\/index.php?rest_route=%2Fwp%2Fv2%2Fmedia&parent=38"}],"curies":[{"name":"wp","href":"https:\/\/api.w.org\/{rel}","templated":true}]}}