{"id":37,"date":"2023-07-07T10:29:30","date_gmt":"2023-07-07T10:29:30","guid":{"rendered":"https:\/\/legalfitslp.es\/?page_id=37"},"modified":"2023-07-10T10:48:23","modified_gmt":"2023-07-10T10:48:23","slug":"acerca-de","status":"publish","type":"page","link":"https:\/\/legalfitslp.es\/?page_id=37","title":{"rendered":"Nuestros Servicios"},"content":{"rendered":"\r\n<p style=\"text-align: justify;\"><span style=\"font-family: Helvetica;\">Los Sectores Regulados se encuentran altamente intervenidos por la actividad de la Administraci\u00f3n y la regulaci\u00f3n legislativa europea, estatal y auton\u00f3mica.<\/span><\/p>\r\n<p style=\"text-align: justify;\"><span style=\"font-family: Helvetica;\">La experiencia de los profesionales que conforman el elenco de colaboradores de <strong><span style=\"color: #3366ff;\">Legal Fit<\/span><\/strong> en el asesoramiento a clientes de los Sectores Regulados, permite proporcionar un servicio que va m\u00e1s all\u00e1 de lo t\u00e9cnico-jur\u00eddico, dando consejo estrat\u00e9gico a nuestros clientes desde el punto de vista de las novedades en regulaci\u00f3n, relaciones institucionales y asuntos p\u00fablicos.<\/span><\/p>\r\n<p style=\"text-align: justify;\"><span style=\"font-family: Helvetica;\">Nuestros principales sectores de actividad:<\/span><\/p>\r\n<ul style=\"text-align: justify;\">\r\n<li><span style=\"font-family: Helvetica;\">Sector energ\u00e9tico: energ\u00edas renovables, sector el\u00e9ctrico, gas natural, petr\u00f3leo y otros hidrocarburos.<\/span><\/li>\r\n<li><span style=\"font-family: Helvetica;\">Sector de transportes: a\u00e9reo, ferroviario, mar\u00edtimo y transporte por carreta.<\/span><\/li>\r\n<li><span style=\"font-family: Helvetica;\">Sector sanitario.<\/span><\/li>\r\n<li><span style=\"font-family: Helvetica;\">Sector de las infraestructuras.<\/span><\/li>\r\n<li><span style=\"font-family: Helvetica;\">Colegios profesionales, asociaciones y entidades de colaboraci\u00f3n p\u00fablico-privada.<\/span><\/li>\r\n<\/ul>\r\n<p style=\"text-align: justify;\"><span style=\"font-family: Helvetica;\">Para todos estos sectores asesoramos tanto en materia legal, como fiscal y especialmente en materia de asuntos p\u00fablicos y regulatorio.<\/span><\/p>\r\n","protected":false},"excerpt":{"rendered":"<p>Los Sectores Regulados se encuentran altamente intervenidos por la actividad de la Administraci\u00f3n y la regulaci\u00f3n legislativa europea, estatal y auton\u00f3mica. La experiencia de los profesionales que conforman el elenco de colaboradores de Legal Fit en el asesoramiento a clientes de los Sectores Regulados, permite proporcionar un servicio que va m\u00e1s all\u00e1 de lo t\u00e9cnico-jur\u00eddico, &hellip; <\/p>\n<p class=\"link-more\"><a href=\"https:\/\/legalfitslp.es\/?page_id=37\" class=\"more-link\">Continuar leyendo<span class=\"screen-reader-text\"> \u00abNuestros Servicios\u00bb<\/span><\/a><\/p>\n","protected":false},"author":1,"featured_media":67,"parent":0,"menu_order":0,"comment_status":"closed","ping_status":"closed","template":"","meta":{"footnotes":""},"class_list":["post-37","page","type-page","status-publish","has-post-thumbnail","hentry"],"_links":{"self":[{"href":"https:\/\/legalfitslp.es\/index.php?rest_route=\/wp\/v2\/pages\/37","targetHints":{"allow":["GET"]}}],"collection":[{"href":"https:\/\/legalfitslp.es\/index.php?rest_route=\/wp\/v2\/pages"}],"about":[{"href":"https:\/\/legalfitslp.es\/index.php?rest_route=\/wp\/v2\/types\/page"}],"author":[{"embeddable":true,"href":"https:\/\/legalfitslp.es\/index.php?rest_route=\/wp\/v2\/users\/1"}],"replies":[{"embeddable":true,"href":"https:\/\/legalfitslp.es\/index.php?rest_route=%2Fwp%2Fv2%2Fcomments&post=37"}],"version-history":[{"count":2,"href":"https:\/\/legalfitslp.es\/index.php?rest_route=\/wp\/v2\/pages\/37\/revisions"}],"predecessor-version":[{"id":69,"href":"https:\/\/legalfitslp.es\/index.php?rest_route=\/wp\/v2\/pages\/37\/revisions\/69"}],"wp:featuredmedia":[{"embeddable":true,"href":"https:\/\/legalfitslp.es\/index.php?rest_route=\/wp\/v2\/media\/67"}],"wp:attachment":[{"href":"https:\/\/legalfitslp.es\/index.php?rest_route=%2Fwp%2Fv2%2Fmedia&parent=37"}],"curies":[{"name":"wp","href":"https:\/\/api.w.org\/{rel}","templated":true}]}}