{"id":36,"date":"2023-07-07T10:29:30","date_gmt":"2023-07-07T10:29:30","guid":{"rendered":"https:\/\/legalfitslp.es\/?page_id=36"},"modified":"2023-07-10T10:47:22","modified_gmt":"2023-07-10T10:47:22","slug":"inicio","status":"publish","type":"page","link":"https:\/\/legalfitslp.es\/","title":{"rendered":"La Firma"},"content":{"rendered":"\r\n<p style=\"text-align: justify;\"><span style=\"font-family: Helvetica;\"><span style=\"color: #3366ff;\"><strong>Legal Fit <\/strong><\/span>es una firma del sector de la abogac\u00eda fundada en el a\u00f1o 2015, especializada en el asesoramiento legal y fiscal, estrat\u00e9gico y la formaci\u00f3n jur\u00eddica especializada a clientes pertenecientes a diversos sectores, especialmente aquellos en los que la regulaci\u00f3n normativa incide con mayor relevancia en su operativa diaria.<\/span><\/p>\r\n","protected":false},"excerpt":{"rendered":"<p>Legal Fit es una firma del sector de la abogac\u00eda fundada en el a\u00f1o 2015, especializada en el asesoramiento legal y fiscal, estrat\u00e9gico y la formaci\u00f3n jur\u00eddica especializada a clientes pertenecientes a diversos sectores, especialmente aquellos en los que la regulaci\u00f3n normativa incide con mayor relevancia en su operativa diaria.<\/p>\n","protected":false},"author":1,"featured_media":47,"parent":0,"menu_order":0,"comment_status":"closed","ping_status":"closed","template":"","meta":{"footnotes":""},"class_list":["post-36","page","type-page","status-publish","has-post-thumbnail","hentry"],"_links":{"self":[{"href":"https:\/\/legalfitslp.es\/index.php?rest_route=\/wp\/v2\/pages\/36","targetHints":{"allow":["GET"]}}],"collection":[{"href":"https:\/\/legalfitslp.es\/index.php?rest_route=\/wp\/v2\/pages"}],"about":[{"href":"https:\/\/legalfitslp.es\/index.php?rest_route=\/wp\/v2\/types\/page"}],"author":[{"embeddable":true,"href":"https:\/\/legalfitslp.es\/index.php?rest_route=\/wp\/v2\/users\/1"}],"replies":[{"embeddable":true,"href":"https:\/\/legalfitslp.es\/index.php?rest_route=%2Fwp%2Fv2%2Fcomments&post=36"}],"version-history":[{"count":2,"href":"https:\/\/legalfitslp.es\/index.php?rest_route=\/wp\/v2\/pages\/36\/revisions"}],"predecessor-version":[{"id":68,"href":"https:\/\/legalfitslp.es\/index.php?rest_route=\/wp\/v2\/pages\/36\/revisions\/68"}],"wp:featuredmedia":[{"embeddable":true,"href":"https:\/\/legalfitslp.es\/index.php?rest_route=\/wp\/v2\/media\/47"}],"wp:attachment":[{"href":"https:\/\/legalfitslp.es\/index.php?rest_route=%2Fwp%2Fv2%2Fmedia&parent=36"}],"curies":[{"name":"wp","href":"https:\/\/api.w.org\/{rel}","templated":true}]}}